{"id":1511,"date":"2019-11-14T13:08:57","date_gmt":"2019-11-14T12:08:57","guid":{"rendered":"http:\/\/www.hoffmann-firmengruppe.de\/aktuelles\/?page_id=1511"},"modified":"2019-11-14T13:08:57","modified_gmt":"2019-11-14T12:08:57","slug":"impressum","status":"publish","type":"page","link":"https:\/\/www.hoffmann-firmengruppe.de\/aktuelles\/impressum\/","title":{"rendered":"Impressum"},"content":{"rendered":"<h1>Impressum<\/h1>\n<p><strong>Hoffmann GmbH<\/strong><br \/> Gewerbepark 10<br \/> 94136 Thyrnau<br \/> Deutschland<\/p>\n<p>Telefon: 0 85 01 \/ 9 11 30<br \/> Fax: 0 85 01 \/ 91 13 20<br \/> E-Mail: <a href=\"mailto:info@hoffmann-thyrnau.de\">info@hoffmann-thyrnau.de<\/a><\/p>\n<p>Gesch\u00e4ftsf\u00fchrer: Manuel Hoffmann, Franz Hoffmann<br \/> Umsatzsteuer-Identifikationsnummer gem\u00e4\u00df \u00a7 27a Umsatzsteuergesetz: DE813947709<br \/> Handelsregister: Amtsgericht Passau HRB 5555<\/p>\n<p><strong>Webdesign und Programmierung<\/strong><br \/> <a href=\"http:\/\/www.mweging.de\/\" target=\"_blank\" rel=\"noopener noreferrer\">M&amp;W Werbeagentur Passau \/ Eging am See (www.mweging.de)<\/a><\/p>\n<p><strong>Herzlich willkommen!<\/strong><br \/> Wir freuen uns, dass Sie unsere Webseiten besuchen und bedanken uns f\u00fcr Ihr Interesse an unserem Unternehmen und unseren Webseiten. Der Schutz Ihrer Privatsph\u00e4re bei der Nutzung unserer Webseiten ist uns wichtig. Daher nehmen Sie bitte nachstehende Informationen zur Kenntnis:<\/p>\n<p><strong>Copyright:<\/strong><br \/> Alle Inhalte diese Webseite, insbesondere Texte, Layout, Grafiken und andere Dokumente unterliegen dem Urheberrecht (falls nicht anderweitig beschrieben) und d\u00fcrfen nicht ohne ausdr\u00fcckliche schriftliche Genehmigung des Firmeninhabers verwendet werden. Zuwiderhandlungen k\u00f6nnen eine strafrechtliche Verfolgung nach sich ziehen.<\/p>\n<p><strong>Hyperlinks:<\/strong><br \/> Mit Urteil vom 12. Mai 1998 hat das Landesgericht Hamburg entschieden, dass man durch die Ausbringung von Links die Inhalte der gelinkten Seiten gegebenenfalls mit zu verantworten hat. Dies kann \u2013 so das Landgericht \u2013 nur dadurch verhindert werden, wenn man sich ausdr\u00fccklich von diesen Inhalten distanziert. Wir haben auf unseren Seiten Links zu anderen Seiten. F\u00fcr s\u00e4mtliche dieser Links gilt: Wir haben keinerlei Einfluss auf die Gestaltung und die Inhalte der gelinkten Seiten. Somit distanzieren wir uns hiermit ausdr\u00fccklich von den Inhalten aller externen Seiten.<\/p>\n<p><strong>Haftungsausschluss:<\/strong><br \/> Wir sind st\u00e4ndig bem\u00fcht die hier bereitgestellten Informationen aktuell und inhaltlich korrekt zu halten. Trotzdem k\u00f6nnen Fehler und Irrt\u00fcmer auftreten. Wir \u00fcbernehmen keine Verantwortung oder Haftung f\u00fcr durch fehlerhafte Informationen entstandene Sch\u00e4den oder Benachteiligungen. Wir behalten uns vor, Neueintragungen, \u00c4nderungen und L\u00f6schungen von Informationen auf dieser Website ohne vorherige Ank\u00fcndigung vorzunehmen, bzw. die Webseite im Ganzen zu entfernen.<\/p>\n<p>Trotz sorgf\u00e4ltiger inhaltlicher Kontrolle \u00fcbernehmen wir keine Haftung f\u00fcr die Inhalte externer Links. F\u00fcr den Inhalt der verlinkten Seiten sind ausschlie\u00dflich deren Betreiber verantwortlich.<br \/> Keine Abmahnung ohne vorherigen Kontakt!<br \/> Sollte irgendwelcher Inhalt oder die designtechnische Gestaltung einzelner Seiten oder Teile dieser Internetseite fremde Rechte Dritter oder gesetzliche Bestimmungen verletzen oder anderweitig in irgendeiner Form wettbewerbsrechtliche Probleme hervorbringen, so bitten wir unter Berufung auf \u00a7 8 Abs. 4 UWG, um eine angemessene, ausreichend erl\u00e4uternde und schnelle Nachricht ohne Kostennote. Wir garantieren, dass die zu Recht beanstandeten Passagen oder Teile dieser Webseiten in angemessener Frist entfernt bzw. den rechtlichen Vorgaben umf\u00e4nglich angepasst werden, ohne dass von Ihrer Seite die Einschaltung eines Rechtsbeistandes erforderlich ist. Die Einschaltung eines Anwaltes, zur f\u00fcr den Dienstanbieter kostenpflichtigen Abmahnung, entspricht nicht dessen wirklichen oder mutma\u00dflichen Willen und w\u00fcrde damit einen Versto\u00df gegen \u00a7 13 Abs. 5 UWG, wegen der Verfolgung sachfremder Ziele als beherrschendes Motiv der Verfahrenseinleitung, insbesondere einer Kostenerzielungsabsicht als eigentliche Triebfeder, sowie einen Versto\u00df gegen die Schadenminderungspflicht darstellen. Es besteht keine Haftung f\u00fcr die Vereinbarkeit der Inhalte dieser Seiten mit den rechtlichen Bestimmungen au\u00dferhalb der Bundesrepublik Deutschland.<\/p>\n<p><strong>Schutzmarken:<\/strong><br \/> Alle hier verwendeten Schutzmarken, Warenzeichen, Trademarks oder anderweitig gesch\u00fctzte Namen sind Eigentum der jeweiligen Firmen.<\/p>\n","protected":false},"excerpt":{"rendered":"<p>Impressum Hoffmann GmbH Gewerbepark 10 94136 Thyrnau Deutschland Telefon: 0 85 01 \/ 9 11 30 Fax: 0 85 01 \/ 91 13 20 E-Mail: info@hoffmann-thyrnau.de Gesch\u00e4ftsf\u00fchrer: Manuel Hoffmann, Franz Hoffmann Umsatzsteuer-Identifikationsnummer gem\u00e4\u00df \u00a7 27a Umsatzsteuergesetz: DE813947709 Handelsregister: Amtsgericht Passau HRB 5555 Webdesign und Programmierung M&amp;W Werbeagentur Passau \/ Eging am See (www.mweging.de) Herzlich willkommen! &hellip; <\/p>\n<p class=\"link-more\"><a href=\"https:\/\/www.hoffmann-firmengruppe.de\/aktuelles\/impressum\/\" class=\"more-link\"><span class=\"screen-reader-text\">\u201eImpressum\u201c<\/span> weiterlesen<\/a><\/p>\n","protected":false},"author":1,"featured_media":0,"parent":0,"menu_order":0,"comment_status":"closed","ping_status":"closed","template":"","meta":{"footnotes":""},"class_list":["post-1511","page","type-page","status-publish","hentry"],"yoast_head":"<!-- This site is optimized with the Yoast SEO plugin v26.0 - https:\/\/yoast.com\/wordpress\/plugins\/seo\/ -->\n<title>Impressum - Hoffmann Firmengruppe<\/title>\n<meta name=\"robots\" content=\"index, follow, max-snippet:-1, max-image-preview:large, max-video-preview:-1\" \/>\n<link rel=\"canonical\" href=\"https:\/\/www.hoffmann-firmengruppe.de\/aktuelles\/impressum\/\" \/>\n<meta property=\"og:locale\" content=\"de_DE\" \/>\n<meta property=\"og:type\" content=\"article\" \/>\n<meta property=\"og:title\" content=\"Impressum - Hoffmann Firmengruppe\" \/>\n<meta property=\"og:description\" content=\"Impressum Hoffmann GmbH Gewerbepark 10 94136 Thyrnau Deutschland Telefon: 0 85 01 \/ 9 11 30 Fax: 0 85 01 \/ 91 13 20 E-Mail: info@hoffmann-thyrnau.de Gesch\u00e4ftsf\u00fchrer: Manuel Hoffmann, Franz Hoffmann Umsatzsteuer-Identifikationsnummer gem\u00e4\u00df \u00a7 27a Umsatzsteuergesetz: DE813947709 Handelsregister: Amtsgericht Passau HRB 5555 Webdesign und Programmierung M&amp;W Werbeagentur Passau \/ Eging am See (www.mweging.de) Herzlich willkommen! &hellip; \u201eImpressum\u201c weiterlesen\" \/>\n<meta property=\"og:url\" content=\"https:\/\/www.hoffmann-firmengruppe.de\/aktuelles\/impressum\/\" \/>\n<meta property=\"og:site_name\" content=\"Hoffmann Firmengruppe\" \/>\n<meta name=\"twitter:card\" content=\"summary_large_image\" \/>\n<meta name=\"twitter:label1\" content=\"Gesch\u00e4tzte Lesezeit\" \/>\n\t<meta name=\"twitter:data1\" content=\"2\u00a0Minuten\" \/>\n<script type=\"application\/ld+json\" class=\"yoast-schema-graph\">{\"@context\":\"https:\/\/schema.org\",\"@graph\":[{\"@type\":\"WebPage\",\"@id\":\"https:\/\/www.hoffmann-firmengruppe.de\/aktuelles\/impressum\/\",\"url\":\"https:\/\/www.hoffmann-firmengruppe.de\/aktuelles\/impressum\/\",\"name\":\"Impressum - Hoffmann Firmengruppe\",\"isPartOf\":{\"@id\":\"https:\/\/www.hoffmann-firmengruppe.de\/aktuelles\/#website\"},\"datePublished\":\"2019-11-14T12:08:57+00:00\",\"breadcrumb\":{\"@id\":\"https:\/\/www.hoffmann-firmengruppe.de\/aktuelles\/impressum\/#breadcrumb\"},\"inLanguage\":\"de\",\"potentialAction\":[{\"@type\":\"ReadAction\",\"target\":[\"https:\/\/www.hoffmann-firmengruppe.de\/aktuelles\/impressum\/\"]}]},{\"@type\":\"BreadcrumbList\",\"@id\":\"https:\/\/www.hoffmann-firmengruppe.de\/aktuelles\/impressum\/#breadcrumb\",\"itemListElement\":[{\"@type\":\"ListItem\",\"position\":1,\"name\":\"Startseite\",\"item\":\"https:\/\/www.hoffmann-firmengruppe.de\/aktuelles\/\"},{\"@type\":\"ListItem\",\"position\":2,\"name\":\"Impressum\"}]},{\"@type\":\"WebSite\",\"@id\":\"https:\/\/www.hoffmann-firmengruppe.de\/aktuelles\/#website\",\"url\":\"https:\/\/www.hoffmann-firmengruppe.de\/aktuelles\/\",\"name\":\"Hoffmann Firmengruppe\",\"description\":\"\",\"publisher\":{\"@id\":\"https:\/\/www.hoffmann-firmengruppe.de\/aktuelles\/#organization\"},\"potentialAction\":[{\"@type\":\"SearchAction\",\"target\":{\"@type\":\"EntryPoint\",\"urlTemplate\":\"https:\/\/www.hoffmann-firmengruppe.de\/aktuelles\/?s={search_term_string}\"},\"query-input\":{\"@type\":\"PropertyValueSpecification\",\"valueRequired\":true,\"valueName\":\"search_term_string\"}}],\"inLanguage\":\"de\"},{\"@type\":\"Organization\",\"@id\":\"https:\/\/www.hoffmann-firmengruppe.de\/aktuelles\/#organization\",\"name\":\"Hoffmann Firmengruppe\",\"url\":\"https:\/\/www.hoffmann-firmengruppe.de\/aktuelles\/\",\"logo\":{\"@type\":\"ImageObject\",\"inLanguage\":\"de\",\"@id\":\"https:\/\/www.hoffmann-firmengruppe.de\/aktuelles\/#\/schema\/logo\/image\/\",\"url\":\"https:\/\/www.hoffmann-firmengruppe.de\/aktuelles\/wp-content\/uploads\/2019\/11\/home-button.png\",\"contentUrl\":\"https:\/\/www.hoffmann-firmengruppe.de\/aktuelles\/wp-content\/uploads\/2019\/11\/home-button.png\",\"width\":42,\"height\":42,\"caption\":\"Hoffmann Firmengruppe\"},\"image\":{\"@id\":\"https:\/\/www.hoffmann-firmengruppe.de\/aktuelles\/#\/schema\/logo\/image\/\"}}]}<\/script>\n<!-- \/ Yoast SEO plugin. -->","yoast_head_json":{"title":"Impressum - Hoffmann Firmengruppe","robots":{"index":"index","follow":"follow","max-snippet":"max-snippet:-1","max-image-preview":"max-image-preview:large","max-video-preview":"max-video-preview:-1"},"canonical":"https:\/\/www.hoffmann-firmengruppe.de\/aktuelles\/impressum\/","og_locale":"de_DE","og_type":"article","og_title":"Impressum - Hoffmann Firmengruppe","og_description":"Impressum Hoffmann GmbH Gewerbepark 10 94136 Thyrnau Deutschland Telefon: 0 85 01 \/ 9 11 30 Fax: 0 85 01 \/ 91 13 20 E-Mail: info@hoffmann-thyrnau.de Gesch\u00e4ftsf\u00fchrer: Manuel Hoffmann, Franz Hoffmann Umsatzsteuer-Identifikationsnummer gem\u00e4\u00df \u00a7 27a Umsatzsteuergesetz: DE813947709 Handelsregister: Amtsgericht Passau HRB 5555 Webdesign und Programmierung M&amp;W Werbeagentur Passau \/ Eging am See (www.mweging.de) Herzlich willkommen! &hellip; \u201eImpressum\u201c weiterlesen","og_url":"https:\/\/www.hoffmann-firmengruppe.de\/aktuelles\/impressum\/","og_site_name":"Hoffmann Firmengruppe","twitter_card":"summary_large_image","twitter_misc":{"Gesch\u00e4tzte Lesezeit":"2\u00a0Minuten"},"schema":{"@context":"https:\/\/schema.org","@graph":[{"@type":"WebPage","@id":"https:\/\/www.hoffmann-firmengruppe.de\/aktuelles\/impressum\/","url":"https:\/\/www.hoffmann-firmengruppe.de\/aktuelles\/impressum\/","name":"Impressum - Hoffmann Firmengruppe","isPartOf":{"@id":"https:\/\/www.hoffmann-firmengruppe.de\/aktuelles\/#website"},"datePublished":"2019-11-14T12:08:57+00:00","breadcrumb":{"@id":"https:\/\/www.hoffmann-firmengruppe.de\/aktuelles\/impressum\/#breadcrumb"},"inLanguage":"de","potentialAction":[{"@type":"ReadAction","target":["https:\/\/www.hoffmann-firmengruppe.de\/aktuelles\/impressum\/"]}]},{"@type":"BreadcrumbList","@id":"https:\/\/www.hoffmann-firmengruppe.de\/aktuelles\/impressum\/#breadcrumb","itemListElement":[{"@type":"ListItem","position":1,"name":"Startseite","item":"https:\/\/www.hoffmann-firmengruppe.de\/aktuelles\/"},{"@type":"ListItem","position":2,"name":"Impressum"}]},{"@type":"WebSite","@id":"https:\/\/www.hoffmann-firmengruppe.de\/aktuelles\/#website","url":"https:\/\/www.hoffmann-firmengruppe.de\/aktuelles\/","name":"Hoffmann Firmengruppe","description":"","publisher":{"@id":"https:\/\/www.hoffmann-firmengruppe.de\/aktuelles\/#organization"},"potentialAction":[{"@type":"SearchAction","target":{"@type":"EntryPoint","urlTemplate":"https:\/\/www.hoffmann-firmengruppe.de\/aktuelles\/?s={search_term_string}"},"query-input":{"@type":"PropertyValueSpecification","valueRequired":true,"valueName":"search_term_string"}}],"inLanguage":"de"},{"@type":"Organization","@id":"https:\/\/www.hoffmann-firmengruppe.de\/aktuelles\/#organization","name":"Hoffmann Firmengruppe","url":"https:\/\/www.hoffmann-firmengruppe.de\/aktuelles\/","logo":{"@type":"ImageObject","inLanguage":"de","@id":"https:\/\/www.hoffmann-firmengruppe.de\/aktuelles\/#\/schema\/logo\/image\/","url":"https:\/\/www.hoffmann-firmengruppe.de\/aktuelles\/wp-content\/uploads\/2019\/11\/home-button.png","contentUrl":"https:\/\/www.hoffmann-firmengruppe.de\/aktuelles\/wp-content\/uploads\/2019\/11\/home-button.png","width":42,"height":42,"caption":"Hoffmann Firmengruppe"},"image":{"@id":"https:\/\/www.hoffmann-firmengruppe.de\/aktuelles\/#\/schema\/logo\/image\/"}}]}},"_links":{"self":[{"href":"https:\/\/www.hoffmann-firmengruppe.de\/aktuelles\/wp-json\/wp\/v2\/pages\/1511","targetHints":{"allow":["GET"]}}],"collection":[{"href":"https:\/\/www.hoffmann-firmengruppe.de\/aktuelles\/wp-json\/wp\/v2\/pages"}],"about":[{"href":"https:\/\/www.hoffmann-firmengruppe.de\/aktuelles\/wp-json\/wp\/v2\/types\/page"}],"author":[{"embeddable":true,"href":"https:\/\/www.hoffmann-firmengruppe.de\/aktuelles\/wp-json\/wp\/v2\/users\/1"}],"replies":[{"embeddable":true,"href":"https:\/\/www.hoffmann-firmengruppe.de\/aktuelles\/wp-json\/wp\/v2\/comments?post=1511"}],"version-history":[{"count":1,"href":"https:\/\/www.hoffmann-firmengruppe.de\/aktuelles\/wp-json\/wp\/v2\/pages\/1511\/revisions"}],"predecessor-version":[{"id":1512,"href":"https:\/\/www.hoffmann-firmengruppe.de\/aktuelles\/wp-json\/wp\/v2\/pages\/1511\/revisions\/1512"}],"wp:attachment":[{"href":"https:\/\/www.hoffmann-firmengruppe.de\/aktuelles\/wp-json\/wp\/v2\/media?parent=1511"}],"curies":[{"name":"wp","href":"https:\/\/api.w.org\/{rel}","templated":true}]}}